{"id":1468,"date":"2023-06-23T18:22:41","date_gmt":"2023-06-23T18:22:41","guid":{"rendered":"https:\/\/coeurenheritage.ca\/videos\/"},"modified":"2023-08-18T20:22:35","modified_gmt":"2023-08-18T20:22:35","slug":"videos","status":"publish","type":"page","link":"https:\/\/coeurenheritage.ca\/en\/videos\/","title":{"rendered":"Videos"},"content":{"rendered":"\t\t<div data-elementor-type=\"wp-page\" data-elementor-id=\"1468\" class=\"elementor elementor-1468 elementor-1252\">\n\t\t\t\t\t\t<section class=\"elementor-section elementor-top-section elementor-element elementor-element-399e77fc elementor-section-boxed elementor-section-height-default elementor-section-height-default\" data-id=\"399e77fc\" data-element_type=\"section\" data-settings=\"{&quot;background_background&quot;:&quot;classic&quot;}\">\n\t\t\t\t\t\t\t<div class=\"elementor-background-overlay\"><\/div>\n\t\t\t\t\t\t\t<div class=\"elementor-container elementor-column-gap-default\">\n\t\t\t\t\t<div class=\"elementor-column elementor-col-100 elementor-top-column elementor-element elementor-element-13c950a7\" data-id=\"13c950a7\" data-element_type=\"column\">\n\t\t\t<div class=\"elementor-widget-wrap elementor-element-populated\">\n\t\t\t\t\t\t<div class=\"elementor-element elementor-element-673393a9 elementor-invisible elementor-widget elementor-widget-heading\" data-id=\"673393a9\" data-element_type=\"widget\" data-settings=\"{&quot;_animation&quot;:&quot;fadeIn&quot;}\" data-widget_type=\"heading.default\">\n\t\t\t\t<div class=\"elementor-widget-container\">\n\t\t\t<h2 class=\"elementor-heading-title elementor-size-default\"><span style=\"color: var(--ast-global-color-2);font-size: 2.5rem;font-style: normal;font-weight: 400\">Creation of testimonial, souvenir and interview videos<\/span><\/h2>\t\t<\/div>\n\t\t\t\t<\/div>\n\t\t\t\t<div class=\"elementor-element elementor-element-6282fb9d elementor-invisible elementor-widget elementor-widget-text-editor\" data-id=\"6282fb9d\" data-element_type=\"widget\" data-settings=\"{&quot;_animation&quot;:&quot;fadeIn&quot;}\" data-widget_type=\"text-editor.default\">\n\t\t\t\t<div class=\"elementor-widget-container\">\n\t\t\t\t\t\t\t<p>I capture on film the testimonials filled with emotion of the people who want to give homage to a close relative or friend, to tell their stories, to show appreciation for them or to document their happy memories.<\/p>\t\t\t\t\t\t<\/div>\n\t\t\t\t<\/div>\n\t\t\t\t<div class=\"elementor-element elementor-element-23be9478 elementor-invisible elementor-widget elementor-widget-button\" data-id=\"23be9478\" data-element_type=\"widget\" data-settings=\"{&quot;_animation&quot;:&quot;fadeIn&quot;}\" data-widget_type=\"button.default\">\n\t\t\t\t<div class=\"elementor-widget-container\">\n\t\t\t\t\t<div class=\"elementor-button-wrapper\">\n\t\t\t<a class=\"elementor-button elementor-button-link elementor-size-sm\" href=\"https:\/\/coeurenheritage.ca\/en\/video-services\/\">\n\t\t\t\t\t\t<span class=\"elementor-button-content-wrapper\">\n\t\t\t\t\t\t\t\t\t<span class=\"elementor-button-text\">Our services<\/span>\n\t\t\t\t\t<\/span>\n\t\t\t\t\t<\/a>\n\t\t<\/div>\n\t\t\t\t<\/div>\n\t\t\t\t<\/div>\n\t\t\t\t\t<\/div>\n\t\t<\/div>\n\t\t\t\t\t<\/div>\n\t\t<\/section>\n\t\t\t\t<section class=\"elementor-section elementor-top-section elementor-element elementor-element-7a243938 elementor-section-boxed elementor-section-height-default elementor-section-height-default\" data-id=\"7a243938\" data-element_type=\"section\" data-settings=\"{&quot;background_background&quot;:&quot;classic&quot;}\">\n\t\t\t\t\t\t<div class=\"elementor-container elementor-column-gap-default\">\n\t\t\t\t\t<div class=\"elementor-column elementor-col-100 elementor-top-column elementor-element elementor-element-2bff9974\" data-id=\"2bff9974\" data-element_type=\"column\">\n\t\t\t<div class=\"elementor-widget-wrap elementor-element-populated\">\n\t\t\t\t\t\t<div class=\"elementor-element elementor-element-4afd1361 elementor-invisible elementor-widget elementor-widget-heading\" data-id=\"4afd1361\" data-element_type=\"widget\" data-settings=\"{&quot;_animation&quot;:&quot;fadeIn&quot;}\" data-widget_type=\"heading.default\">\n\t\t\t\t<div class=\"elementor-widget-container\">\n\t\t\t<h2 class=\"elementor-heading-title elementor-size-default\">Touching video portraits to cherish for a longtime<\/h2>\t\t<\/div>\n\t\t\t\t<\/div>\n\t\t\t\t\t<\/div>\n\t\t<\/div>\n\t\t\t\t\t<\/div>\n\t\t<\/section>\n\t\t\t\t<section class=\"elementor-section elementor-top-section elementor-element elementor-element-53a313e elementor-section-boxed elementor-section-height-default elementor-section-height-default\" data-id=\"53a313e\" data-element_type=\"section\">\n\t\t\t\t\t\t<div class=\"elementor-container elementor-column-gap-default\">\n\t\t\t\t\t<div class=\"elementor-column elementor-col-100 elementor-top-column elementor-element elementor-element-e664c0f\" data-id=\"e664c0f\" data-element_type=\"column\">\n\t\t\t<div class=\"elementor-widget-wrap elementor-element-populated\">\n\t\t\t\t\t\t<div class=\"elementor-element elementor-element-7c26834 elementor-invisible elementor-widget elementor-widget-text-editor\" data-id=\"7c26834\" data-element_type=\"widget\" data-settings=\"{&quot;_animation&quot;:&quot;fadeIn&quot;}\" data-widget_type=\"text-editor.default\">\n\t\t\t\t<div class=\"elementor-widget-container\">\n\t\t\t\t\t\t\t<p>Use this privileged moment to share anecdotes and happy memories. Whatever the occasion, we will know how to highlight the essence of your message and capture your moments of unrehearsed spontaneity.<span class=\"Apple-converted-space\">\u00a0 <\/span>We favor filming the encounter with a touch of humour and we provide a reassuring presence which allows for a more fluid testimonial in front of the camera.<\/p>\t\t\t\t\t\t<\/div>\n\t\t\t\t<\/div>\n\t\t\t\t\t<\/div>\n\t\t<\/div>\n\t\t\t\t\t<\/div>\n\t\t<\/section>\n\t\t\t\t<section class=\"elementor-section elementor-top-section elementor-element elementor-element-1b085813 elementor-section-boxed elementor-section-height-default elementor-section-height-default\" data-id=\"1b085813\" data-element_type=\"section\">\n\t\t\t\t\t\t<div class=\"elementor-container elementor-column-gap-default\">\n\t\t\t\t\t<div class=\"elementor-column elementor-col-50 elementor-top-column elementor-element elementor-element-46ead4f8\" data-id=\"46ead4f8\" data-element_type=\"column\">\n\t\t\t<div class=\"elementor-widget-wrap elementor-element-populated\">\n\t\t\t\t\t\t<div class=\"elementor-element elementor-element-677737e3 elementor-position-top elementor-invisible elementor-widget elementor-widget-image-box\" data-id=\"677737e3\" data-element_type=\"widget\" data-settings=\"{&quot;_animation&quot;:&quot;fadeIn&quot;}\" data-widget_type=\"image-box.default\">\n\t\t\t\t<div class=\"elementor-widget-container\">\n\t\t\t<div class=\"elementor-image-box-wrapper\"><figure class=\"elementor-image-box-img\"><img fetchpriority=\"high\" decoding=\"async\" width=\"1032\" height=\"606\" src=\"https:\/\/coeurenheritage.ca\/wp-content\/uploads\/2023\/06\/hommage-1.png\" class=\"attachment-full size-full wp-image-1041\" alt=\"Vid\u00e9o hommage\" srcset=\"https:\/\/coeurenheritage.ca\/wp-content\/uploads\/2023\/06\/hommage-1.png 1032w, https:\/\/coeurenheritage.ca\/wp-content\/uploads\/2023\/06\/hommage-1-300x176.png 300w, https:\/\/coeurenheritage.ca\/wp-content\/uploads\/2023\/06\/hommage-1-1024x601.png 1024w, https:\/\/coeurenheritage.ca\/wp-content\/uploads\/2023\/06\/hommage-1-768x451.png 768w\" sizes=\"(max-width: 1032px) 100vw, 1032px\" \/><\/figure><div class=\"elementor-image-box-content\"><h3 class=\"elementor-image-box-title\">Testimonial videos<\/h3><p class=\"elementor-image-box-description\"><span> Commemorative videos honor your loved ones and appease the grieving process and give significant value to the life of the loved one. <\/span><\/p><\/div><\/div>\t\t<\/div>\n\t\t\t\t<\/div>\n\t\t\t\t<div class=\"elementor-element elementor-element-510ea9e0 elementor-align-center elementor-invisible elementor-widget elementor-widget-button\" data-id=\"510ea9e0\" data-element_type=\"widget\" data-settings=\"{&quot;_animation&quot;:&quot;fadeIn&quot;}\" data-widget_type=\"button.default\">\n\t\t\t\t<div class=\"elementor-widget-container\">\n\t\t\t\t\t<div class=\"elementor-button-wrapper\">\n\t\t\t<a class=\"elementor-button elementor-button-link elementor-size-sm\" href=\"https:\/\/coeurenheritage.ca\/en\/tribute-videos\/\">\n\t\t\t\t\t\t<span class=\"elementor-button-content-wrapper\">\n\t\t\t\t\t\t\t\t\t<span class=\"elementor-button-text\">Come discover<\/span>\n\t\t\t\t\t<\/span>\n\t\t\t\t\t<\/a>\n\t\t<\/div>\n\t\t\t\t<\/div>\n\t\t\t\t<\/div>\n\t\t\t\t\t<\/div>\n\t\t<\/div>\n\t\t\t\t<div class=\"elementor-column elementor-col-50 elementor-top-column elementor-element elementor-element-3f9a6dda\" data-id=\"3f9a6dda\" data-element_type=\"column\">\n\t\t\t<div class=\"elementor-widget-wrap elementor-element-populated\">\n\t\t\t\t\t\t<div class=\"elementor-element elementor-element-1a945c1 elementor-position-top elementor-invisible elementor-widget elementor-widget-image-box\" data-id=\"1a945c1\" data-element_type=\"widget\" data-settings=\"{&quot;_animation&quot;:&quot;fadeIn&quot;}\" data-widget_type=\"image-box.default\">\n\t\t\t\t<div class=\"elementor-widget-container\">\n\t\t\t<div class=\"elementor-image-box-wrapper\"><figure class=\"elementor-image-box-img\"><img decoding=\"async\" width=\"1032\" height=\"606\" src=\"https:\/\/coeurenheritage.ca\/wp-content\/uploads\/2023\/06\/evenements.png\" class=\"attachment-full size-full wp-image-1042\" alt=\"Vid\u00e9o d&#039;\u00e9v\u00e8nements\" srcset=\"https:\/\/coeurenheritage.ca\/wp-content\/uploads\/2023\/06\/evenements.png 1032w, https:\/\/coeurenheritage.ca\/wp-content\/uploads\/2023\/06\/evenements-300x176.png 300w, https:\/\/coeurenheritage.ca\/wp-content\/uploads\/2023\/06\/evenements-1024x601.png 1024w, https:\/\/coeurenheritage.ca\/wp-content\/uploads\/2023\/06\/evenements-768x451.png 768w\" sizes=\"(max-width: 1032px) 100vw, 1032px\" \/><\/figure><div class=\"elementor-image-box-content\"><h3 class=\"elementor-image-box-title\">Event videos<\/h3><p class=\"elementor-image-box-description\"><span style=\"font-size: 16px; font-style: normal; font-weight: 400; white-space-collapse: collapse;\"> Event videos are an excellent way to document special happenings, to remember the best of those moments! <\/span><\/p><\/div><\/div>\t\t<\/div>\n\t\t\t\t<\/div>\n\t\t\t\t<div class=\"elementor-element elementor-element-5f302ce8 elementor-align-center elementor-invisible elementor-widget elementor-widget-button\" data-id=\"5f302ce8\" data-element_type=\"widget\" data-settings=\"{&quot;_animation&quot;:&quot;fadeIn&quot;}\" data-widget_type=\"button.default\">\n\t\t\t\t<div class=\"elementor-widget-container\">\n\t\t\t\t\t<div class=\"elementor-button-wrapper\">\n\t\t\t<a class=\"elementor-button elementor-button-link elementor-size-sm\" href=\"https:\/\/coeurenheritage.ca\/en\/event-videos\/\">\n\t\t\t\t\t\t<span class=\"elementor-button-content-wrapper\">\n\t\t\t\t\t\t\t\t\t<span class=\"elementor-button-text\">Come discover<\/span>\n\t\t\t\t\t<\/span>\n\t\t\t\t\t<\/a>\n\t\t<\/div>\n\t\t\t\t<\/div>\n\t\t\t\t<\/div>\n\t\t\t\t\t<\/div>\n\t\t<\/div>\n\t\t\t\t\t<\/div>\n\t\t<\/section>\n\t\t\t\t<section class=\"elementor-section elementor-top-section elementor-element elementor-element-5241775 elementor-section-boxed elementor-section-height-default elementor-section-height-default\" data-id=\"5241775\" data-element_type=\"section\">\n\t\t\t\t\t\t<div class=\"elementor-container elementor-column-gap-default\">\n\t\t\t\t\t<div class=\"elementor-column elementor-col-50 elementor-top-column elementor-element elementor-element-525fa00\" data-id=\"525fa00\" data-element_type=\"column\">\n\t\t\t<div class=\"elementor-widget-wrap elementor-element-populated\">\n\t\t\t\t\t\t<div class=\"elementor-element elementor-element-0f01f41 elementor-position-top elementor-invisible elementor-widget elementor-widget-image-box\" data-id=\"0f01f41\" data-element_type=\"widget\" data-settings=\"{&quot;_animation&quot;:&quot;fadeIn&quot;}\" data-widget_type=\"image-box.default\">\n\t\t\t\t<div class=\"elementor-widget-container\">\n\t\t\t<div class=\"elementor-image-box-wrapper\"><figure class=\"elementor-image-box-img\"><img decoding=\"async\" width=\"1032\" height=\"610\" src=\"https:\/\/coeurenheritage.ca\/wp-content\/uploads\/2023\/06\/biographie.png\" class=\"attachment-full size-full wp-image-1043\" alt=\"Vid\u00e9o biographique\" srcset=\"https:\/\/coeurenheritage.ca\/wp-content\/uploads\/2023\/06\/biographie.png 1032w, https:\/\/coeurenheritage.ca\/wp-content\/uploads\/2023\/06\/biographie-300x177.png 300w, https:\/\/coeurenheritage.ca\/wp-content\/uploads\/2023\/06\/biographie-1024x605.png 1024w, https:\/\/coeurenheritage.ca\/wp-content\/uploads\/2023\/06\/biographie-768x454.png 768w\" sizes=\"(max-width: 1032px) 100vw, 1032px\" \/><\/figure><div class=\"elementor-image-box-content\"><h3 class=\"elementor-image-box-title\">Biographical videos<\/h3><p class=\"elementor-image-box-description\"><span> Capture the essence of your loved ones by telling their stories through a biography video.  A unique and powerful way to pay them tribute. <\/span><\/p><\/div><\/div>\t\t<\/div>\n\t\t\t\t<\/div>\n\t\t\t\t<div class=\"elementor-element elementor-element-660f767 elementor-align-center elementor-invisible elementor-widget elementor-widget-button\" data-id=\"660f767\" data-element_type=\"widget\" data-settings=\"{&quot;_animation&quot;:&quot;fadeIn&quot;}\" data-widget_type=\"button.default\">\n\t\t\t\t<div class=\"elementor-widget-container\">\n\t\t\t\t\t<div class=\"elementor-button-wrapper\">\n\t\t\t<a class=\"elementor-button elementor-button-link elementor-size-sm\" href=\"https:\/\/coeurenheritage.ca\/en\/biographical-videos\/\">\n\t\t\t\t\t\t<span class=\"elementor-button-content-wrapper\">\n\t\t\t\t\t\t\t\t\t<span class=\"elementor-button-text\">Come discover<\/span>\n\t\t\t\t\t<\/span>\n\t\t\t\t\t<\/a>\n\t\t<\/div>\n\t\t\t\t<\/div>\n\t\t\t\t<\/div>\n\t\t\t\t\t<\/div>\n\t\t<\/div>\n\t\t\t\t<div class=\"elementor-column elementor-col-50 elementor-top-column elementor-element elementor-element-76718a3\" data-id=\"76718a3\" data-element_type=\"column\">\n\t\t\t<div class=\"elementor-widget-wrap elementor-element-populated\">\n\t\t\t\t\t\t<div class=\"elementor-element elementor-element-d786af8 elementor-position-top elementor-invisible elementor-widget elementor-widget-image-box\" data-id=\"d786af8\" data-element_type=\"widget\" data-settings=\"{&quot;_animation&quot;:&quot;fadeIn&quot;}\" data-widget_type=\"image-box.default\">\n\t\t\t\t<div class=\"elementor-widget-container\">\n\t\t\t<div class=\"elementor-image-box-wrapper\"><figure class=\"elementor-image-box-img\"><img loading=\"lazy\" decoding=\"async\" width=\"1032\" height=\"610\" src=\"https:\/\/coeurenheritage.ca\/wp-content\/uploads\/2023\/06\/entrevues-1.png\" class=\"attachment-full size-full wp-image-1045\" alt=\"vid\u00e9o corporative\" srcset=\"https:\/\/coeurenheritage.ca\/wp-content\/uploads\/2023\/06\/entrevues-1.png 1032w, https:\/\/coeurenheritage.ca\/wp-content\/uploads\/2023\/06\/entrevues-1-300x177.png 300w, https:\/\/coeurenheritage.ca\/wp-content\/uploads\/2023\/06\/entrevues-1-1024x605.png 1024w, https:\/\/coeurenheritage.ca\/wp-content\/uploads\/2023\/06\/entrevues-1-768x454.png 768w\" sizes=\"(max-width: 1032px) 100vw, 1032px\" \/><\/figure><div class=\"elementor-image-box-content\"><h3 class=\"elementor-image-box-title\"><span style=\"color: var(--ast-global-color-2); font-size: 1.5rem; font-style: normal; font-weight: 400; white-space-collapse: collapse;\"> Corporative videos <\/span><\/h3><p class=\"elementor-image-box-description\"><span> Behind each company there lies hidden inspiring stories and unique personalities. We bring to light this human aspect of your company with the use of video. <\/span><\/p><\/div><\/div>\t\t<\/div>\n\t\t\t\t<\/div>\n\t\t\t\t<div class=\"elementor-element elementor-element-9ae1d87 elementor-align-center elementor-invisible elementor-widget elementor-widget-button\" data-id=\"9ae1d87\" data-element_type=\"widget\" data-settings=\"{&quot;_animation&quot;:&quot;fadeIn&quot;}\" data-widget_type=\"button.default\">\n\t\t\t\t<div class=\"elementor-widget-container\">\n\t\t\t\t\t<div class=\"elementor-button-wrapper\">\n\t\t\t<a class=\"elementor-button elementor-button-link elementor-size-sm\" href=\"https:\/\/coeurenheritage.ca\/en\/corporate-videos\/\">\n\t\t\t\t\t\t<span class=\"elementor-button-content-wrapper\">\n\t\t\t\t\t\t\t\t\t<span class=\"elementor-button-text\">Come discover<\/span>\n\t\t\t\t\t<\/span>\n\t\t\t\t\t<\/a>\n\t\t<\/div>\n\t\t\t\t<\/div>\n\t\t\t\t<\/div>\n\t\t\t\t\t<\/div>\n\t\t<\/div>\n\t\t\t\t\t<\/div>\n\t\t<\/section>\n\t\t\t\t<section class=\"elementor-section elementor-top-section elementor-element elementor-element-35dc987c elementor-section-boxed elementor-section-height-default elementor-section-height-default\" data-id=\"35dc987c\" data-element_type=\"section\" data-settings=\"{&quot;background_background&quot;:&quot;gradient&quot;}\">\n\t\t\t\t\t\t<div class=\"elementor-container elementor-column-gap-default\">\n\t\t\t\t\t<div class=\"elementor-column elementor-col-100 elementor-top-column elementor-element elementor-element-4d2f7311\" data-id=\"4d2f7311\" data-element_type=\"column\">\n\t\t\t<div class=\"elementor-widget-wrap elementor-element-populated\">\n\t\t\t\t\t\t<div class=\"elementor-element elementor-element-19f3a762 elementor-widget elementor-widget-heading\" data-id=\"19f3a762\" data-element_type=\"widget\" data-widget_type=\"heading.default\">\n\t\t\t\t<div class=\"elementor-widget-container\">\n\t\t\t<h2 class=\"elementor-heading-title elementor-size-default\">What about yourself...<\/h2>\t\t<\/div>\n\t\t\t\t<\/div>\n\t\t\t\t<div class=\"elementor-element elementor-element-316087c elementor-widget elementor-widget-text-editor\" data-id=\"316087c\" data-element_type=\"widget\" data-widget_type=\"text-editor.default\">\n\t\t\t\t<div class=\"elementor-widget-container\">\n\t\t\t\t\t\t\t<p>Do you desire to immortalize a moment, to enrich the value of a cherished human being, to leave a testimony just like a bottle thrown in the ocean?<span class=\"Apple-converted-space\">\u00a0 <\/span>I will accompany you in the creation of memories highlighting the important people close to you.<\/p>\t\t\t\t\t\t<\/div>\n\t\t\t\t<\/div>\n\t\t\t\t<div class=\"elementor-element elementor-element-156d79e3 elementor-align-center elementor-widget elementor-widget-button\" data-id=\"156d79e3\" data-element_type=\"widget\" data-widget_type=\"button.default\">\n\t\t\t\t<div class=\"elementor-widget-container\">\n\t\t\t\t\t<div class=\"elementor-button-wrapper\">\n\t\t\t<a class=\"elementor-button elementor-button-link elementor-size-sm\" href=\"https:\/\/coeurenheritage.ca\/en\/contact\/\">\n\t\t\t\t\t\t<span class=\"elementor-button-content-wrapper\">\n\t\t\t\t\t\t\t\t\t<span class=\"elementor-button-text\">R\u00c9SERVER UN MOMENT<\/span>\n\t\t\t\t\t<\/span>\n\t\t\t\t\t<\/a>\n\t\t<\/div>\n\t\t\t\t<\/div>\n\t\t\t\t<\/div>\n\t\t\t\t\t<\/div>\n\t\t<\/div>\n\t\t\t\t\t<\/div>\n\t\t<\/section>\n\t\t\t\t<\/div>\n\t\t","protected":false},"excerpt":{"rendered":"<p>Creation of testimonial, souvenir and interview videos I capture on film the testimonials filled with emotion of the people who want to give homage to a close relative or friend, to tell their stories, to show appreciation for them or to document their happy memories. Our services Touching video portraits to cherish for a longtime [&hellip;]<\/p>\n","protected":false},"author":4,"featured_media":0,"parent":0,"menu_order":0,"comment_status":"closed","ping_status":"closed","template":"","meta":{"_uag_custom_page_level_css":"","site-sidebar-layout":"no-sidebar","site-content-layout":"page-builder","ast-site-content-layout":"","site-content-style":"default","site-sidebar-style":"default","ast-global-header-display":"","ast-banner-title-visibility":"","ast-main-header-display":"","ast-hfb-above-header-display":"","ast-hfb-below-header-display":"","ast-hfb-mobile-header-display":"","site-post-title":"disabled","ast-breadcrumbs-content":"","ast-featured-img":"disabled","footer-sml-layout":"","theme-transparent-header-meta":"","adv-header-id-meta":"","stick-header-meta":"","header-above-stick-meta":"","header-main-stick-meta":"","header-below-stick-meta":"","astra-migrate-meta-layouts":"default","ast-page-background-enabled":"default","ast-page-background-meta":{"desktop":{"background-color":"","background-image":"","background-repeat":"repeat","background-position":"center center","background-size":"auto","background-attachment":"scroll","background-type":"","background-media":"","overlay-type":"","overlay-color":"","overlay-opacity":"","overlay-gradient":""},"tablet":{"background-color":"","background-image":"","background-repeat":"repeat","background-position":"center center","background-size":"auto","background-attachment":"scroll","background-type":"","background-media":"","overlay-type":"","overlay-color":"","overlay-opacity":"","overlay-gradient":""},"mobile":{"background-color":"","background-image":"","background-repeat":"repeat","background-position":"center center","background-size":"auto","background-attachment":"scroll","background-type":"","background-media":"","overlay-type":"","overlay-color":"","overlay-opacity":"","overlay-gradient":""}},"ast-content-background-meta":{"desktop":{"background-color":"var(--ast-global-color-5)","background-image":"","background-repeat":"repeat","background-position":"center center","background-size":"auto","background-attachment":"scroll","background-type":"","background-media":"","overlay-type":"","overlay-color":"","overlay-opacity":"","overlay-gradient":""},"tablet":{"background-color":"var(--ast-global-color-5)","background-image":"","background-repeat":"repeat","background-position":"center center","background-size":"auto","background-attachment":"scroll","background-type":"","background-media":"","overlay-type":"","overlay-color":"","overlay-opacity":"","overlay-gradient":""},"mobile":{"background-color":"var(--ast-global-color-5)","background-image":"","background-repeat":"repeat","background-position":"center center","background-size":"auto","background-attachment":"scroll","background-type":"","background-media":"","overlay-type":"","overlay-color":"","overlay-opacity":"","overlay-gradient":""}},"footnotes":""},"class_list":["post-1468","page","type-page","status-publish","hentry"],"uagb_featured_image_src":{"full":false,"thumbnail":false,"medium":false,"medium_large":false,"large":false,"1536x1536":false,"2048x2048":false},"uagb_author_info":{"display_name":"Marie-Michelle Beaupr\u00e9","author_link":"https:\/\/coeurenheritage.ca\/en\/author\/marie-michelle\/"},"uagb_comment_info":0,"uagb_excerpt":"Creation of testimonial, souvenir and interview videos I capture on film the testimonials filled with emotion of the people who want to give homage to a close relative or friend, to tell their stories, to show appreciation for them or to document their happy memories. Our services Touching video portraits to cherish for a longtime&hellip;","_links":{"self":[{"href":"https:\/\/coeurenheritage.ca\/en\/wp-json\/wp\/v2\/pages\/1468"}],"collection":[{"href":"https:\/\/coeurenheritage.ca\/en\/wp-json\/wp\/v2\/pages"}],"about":[{"href":"https:\/\/coeurenheritage.ca\/en\/wp-json\/wp\/v2\/types\/page"}],"author":[{"embeddable":true,"href":"https:\/\/coeurenheritage.ca\/en\/wp-json\/wp\/v2\/users\/4"}],"replies":[{"embeddable":true,"href":"https:\/\/coeurenheritage.ca\/en\/wp-json\/wp\/v2\/comments?post=1468"}],"version-history":[{"count":27,"href":"https:\/\/coeurenheritage.ca\/en\/wp-json\/wp\/v2\/pages\/1468\/revisions"}],"predecessor-version":[{"id":1606,"href":"https:\/\/coeurenheritage.ca\/en\/wp-json\/wp\/v2\/pages\/1468\/revisions\/1606"}],"wp:attachment":[{"href":"https:\/\/coeurenheritage.ca\/en\/wp-json\/wp\/v2\/media?parent=1468"}],"curies":[{"name":"wp","href":"https:\/\/api.w.org\/{rel}","templated":true}]}}